{"id":37,"date":"2026-01-25T00:55:43","date_gmt":"2026-01-25T00:55:43","guid":{"rendered":"https:\/\/matosinhos-cartorio.pt\/index.php\/our-story\/"},"modified":"2026-04-20T19:36:03","modified_gmt":"2026-04-20T19:36:03","slug":"sobre-nos","status":"publish","type":"page","link":"https:\/\/matosinhos-cartorio.pt\/index.php\/sobre-nos\/","title":{"rendered":"Sobre N\u00f3s"},"content":{"rendered":"\t\t<div data-elementor-type=\"wp-page\" data-elementor-id=\"37\" class=\"elementor elementor-37\">\n\t\t\t\t<div class=\"elementor-element elementor-element-47a8853c e-con-full e-flex e-con e-parent\" data-id=\"47a8853c\" data-element_type=\"container\">\n\t\t<div class=\"elementor-element elementor-element-17565af1 e-con-full e-flex e-con e-child\" data-id=\"17565af1\" data-element_type=\"container\" data-settings=\"{&quot;background_background&quot;:&quot;classic&quot;}\">\n\t\t\t\t<div class=\"elementor-element elementor-element-e58187f elementor-widget elementor-widget-image\" data-id=\"e58187f\" data-element_type=\"widget\" data-widget_type=\"image.default\">\n\t\t\t\t\t\t\t\t\t\t\t\t\t\t\t<img fetchpriority=\"high\" decoding=\"async\" width=\"768\" height=\"1024\" src=\"https:\/\/matosinhos-cartorio.pt\/wp-content\/uploads\/2026\/01\/Cartorio-0-19-768x1024.jpg\" class=\"attachment-large size-large wp-image-125\" alt=\"\" srcset=\"https:\/\/matosinhos-cartorio.pt\/wp-content\/uploads\/2026\/01\/Cartorio-0-19-768x1024.jpg 768w, https:\/\/matosinhos-cartorio.pt\/wp-content\/uploads\/2026\/01\/Cartorio-0-19-225x300.jpg 225w, https:\/\/matosinhos-cartorio.pt\/wp-content\/uploads\/2026\/01\/Cartorio-0-19-1152x1536.jpg 1152w, https:\/\/matosinhos-cartorio.pt\/wp-content\/uploads\/2026\/01\/Cartorio-0-19-1536x2048.jpg 1536w, https:\/\/matosinhos-cartorio.pt\/wp-content\/uploads\/2026\/01\/Cartorio-0-19-scaled.jpg 1920w\" sizes=\"(max-width: 768px) 100vw, 768px\" \/>\t\t\t\t\t\t\t\t\t\t\t\t\t\t\t<\/div>\n\t\t\t\t<\/div>\n\t\t<div class=\"elementor-element elementor-element-8734fb e-con-full e-flex e-con e-child\" data-id=\"8734fb\" data-element_type=\"container\">\n\t\t\t\t<div class=\"elementor-element elementor-element-ff84b52 elementor-widget elementor-widget-spacer\" data-id=\"ff84b52\" data-element_type=\"widget\" data-widget_type=\"spacer.default\">\n\t\t\t\t\t\t\t<div class=\"elementor-spacer\">\n\t\t\t<div class=\"elementor-spacer-inner\"><\/div>\n\t\t<\/div>\n\t\t\t\t\t\t<\/div>\n\t\t\t\t<div class=\"elementor-element elementor-element-3fd0410 elementor-widget elementor-widget-heading\" data-id=\"3fd0410\" data-element_type=\"widget\" data-widget_type=\"heading.default\">\n\t\t\t\t\t<h1 class=\"elementor-heading-title elementor-size-default\">Sobre N\u00f3s<\/h1>\t\t\t\t<\/div>\n\t\t\t\t<div class=\"elementor-element elementor-element-12836e92 elementor-widget elementor-widget-heading\" data-id=\"12836e92\" data-element_type=\"widget\" data-widget_type=\"heading.default\">\n\t\t\t\t\t<h6 class=\"elementor-heading-title elementor-size-default\">Rigor e Proximidade<\/h6>\t\t\t\t<\/div>\n\t\t\t\t<div class=\"elementor-element elementor-element-662ba29b elementor-invisible elementor-widget elementor-widget-text-editor\" data-id=\"662ba29b\" data-element_type=\"widget\" data-settings=\"{&quot;_animation&quot;:&quot;fadeIn&quot;,&quot;_animation_delay&quot;:400}\" data-widget_type=\"text-editor.default\">\n\t\t\t\t\t\t\t\t\t<p data-path-to-node=\"5\">No <b data-path-to-node=\"5\" data-index-in-node=\"3\">Cart\u00f3rio Notarial de Matosinhos \u2013 Sara Azevedo<\/b>, aliamos a tradi\u00e7\u00e3o da fun\u00e7\u00e3o notarial a uma vis\u00e3o moderna e din\u00e2mica do Direito. Localizados no cora\u00e7\u00e3o de Matosinhos, a nossa miss\u00e3o \u00e9 conferir seguran\u00e7a jur\u00eddica aos momentos mais importantes da vida dos nossos clientes, sejam eles particulares ou empresas.<\/p><p data-path-to-node=\"6\">Sob a dire\u00e7\u00e3o da Not\u00e1ria Dra. Sara Azevedo, a nossa equipa foca-se na presta\u00e7\u00e3o de um servi\u00e7o personalizado, pautado pela <b data-path-to-node=\"6\" data-index-in-node=\"122\">legalidade, imparcialidade e celeridade<\/b>. Acreditamos que o papel do not\u00e1rio vai al\u00e9m da simples autentica\u00e7\u00e3o; somos conselheiros que ajudam a simplificar processos complexos, garantindo que cada ato seja executado com a m\u00e1xima transpar\u00eancia e rigor t\u00e9cnico.<\/p>\t\t\t\t\t\t\t\t<\/div>\n\t\t\t\t<div class=\"elementor-element elementor-element-5185c59 elementor-widget elementor-widget-heading\" data-id=\"5185c59\" data-element_type=\"widget\" data-widget_type=\"heading.default\">\n\t\t\t\t\t<h6 class=\"elementor-heading-title elementor-size-default\">importante<\/h6>\t\t\t\t<\/div>\n\t\t\t\t<div class=\"elementor-element elementor-element-056599e elementor-invisible elementor-widget elementor-widget-text-editor\" data-id=\"056599e\" data-element_type=\"widget\" data-settings=\"{&quot;_animation&quot;:&quot;fadeIn&quot;,&quot;_animation_delay&quot;:400}\" data-widget_type=\"text-editor.default\">\n\t\t\t\t\t\t\t\t\t<p data-path-to-node=\"6\"><span style=\"color: var( --e-global-color-text ); font-family: var( --e-global-typography-text-font-family ), Sans-serif; font-size: var( --e-global-typography-text-font-size ); font-style: var( --e-global-typography-text-font-style ); font-weight: var( --e-global-typography-text-font-weight ); letter-spacing: var( --e-global-typography-text-letter-spacing ); text-transform: var( --e-global-typography-text-text-transform ); text-align: var(--text-align); background-color: var( --e-global-color-c696dce );\"><b data-path-to-node=\"5\" data-index-in-node=\"3\">O nosso Cart\u00f3rio \u00e9 o fiel deposit\u00e1rio dos arquivos do extinto 2.\u00ba Cart\u00f3rio Notarial de Matosinhos<\/b>, bem como dos arquivos do Not\u00e1rio Dr. Lu\u00eds Branco e das Not\u00e1rias Dra. Helena Sim\u00e3o e Dra. Andreia Marques.<\/span><\/p>\t\t\t\t\t\t\t\t<\/div>\n\t\t\t\t<\/div>\n\t\t\t\t<\/div>\n\t\t<div class=\"elementor-element elementor-element-1cd57c4 e-flex e-con-boxed e-con e-parent\" data-id=\"1cd57c4\" data-element_type=\"container\">\n\t\t\t\t\t<div class=\"e-con-inner\">\n\t\t\t\t<div class=\"elementor-element elementor-element-530b479 elementor-widget elementor-widget-spacer\" data-id=\"530b479\" data-element_type=\"widget\" data-widget_type=\"spacer.default\">\n\t\t\t\t\t\t\t<div class=\"elementor-spacer\">\n\t\t\t<div class=\"elementor-spacer-inner\"><\/div>\n\t\t<\/div>\n\t\t\t\t\t\t<\/div>\n\t\t\t\t\t<\/div>\n\t\t\t\t<\/div>\n\t\t\t\t<\/div>\n\t\t","protected":false},"excerpt":{"rendered":"<p>Sobre N\u00f3s Rigor e Proximidade No Cart\u00f3rio Notarial de Matosinhos \u2013 Sara Azevedo, aliamos a tradi\u00e7\u00e3o da fun\u00e7\u00e3o notarial a uma vis\u00e3o moderna e din\u00e2mica do Direito. Localizados no cora\u00e7\u00e3o de Matosinhos, a nossa miss\u00e3o \u00e9 conferir seguran\u00e7a jur\u00eddica aos momentos mais importantes da vida dos nossos clientes, sejam eles particulares ou empresas. Sob a [&hellip;]<\/p>\n","protected":false},"author":1,"featured_media":41,"parent":0,"menu_order":0,"comment_status":"closed","ping_status":"closed","template":"elementor_header_footer","meta":{"footnotes":""},"class_list":["post-37","page","type-page","status-publish","has-post-thumbnail","hentry"],"_links":{"self":[{"href":"https:\/\/matosinhos-cartorio.pt\/index.php\/wp-json\/wp\/v2\/pages\/37","targetHints":{"allow":["GET"]}}],"collection":[{"href":"https:\/\/matosinhos-cartorio.pt\/index.php\/wp-json\/wp\/v2\/pages"}],"about":[{"href":"https:\/\/matosinhos-cartorio.pt\/index.php\/wp-json\/wp\/v2\/types\/page"}],"author":[{"embeddable":true,"href":"https:\/\/matosinhos-cartorio.pt\/index.php\/wp-json\/wp\/v2\/users\/1"}],"replies":[{"embeddable":true,"href":"https:\/\/matosinhos-cartorio.pt\/index.php\/wp-json\/wp\/v2\/comments?post=37"}],"version-history":[{"count":40,"href":"https:\/\/matosinhos-cartorio.pt\/index.php\/wp-json\/wp\/v2\/pages\/37\/revisions"}],"predecessor-version":[{"id":1084,"href":"https:\/\/matosinhos-cartorio.pt\/index.php\/wp-json\/wp\/v2\/pages\/37\/revisions\/1084"}],"wp:featuredmedia":[{"embeddable":true,"href":"https:\/\/matosinhos-cartorio.pt\/index.php\/wp-json\/wp\/v2\/media\/41"}],"wp:attachment":[{"href":"https:\/\/matosinhos-cartorio.pt\/index.php\/wp-json\/wp\/v2\/media?parent=37"}],"curies":[{"name":"wp","href":"https:\/\/api.w.org\/{rel}","templated":true}]}}